{"id":700,"date":"2025-09-28T14:34:16","date_gmt":"2025-09-28T12:34:16","guid":{"rendered":"https:\/\/altiora-paris.fr\/?page_id=700"},"modified":"2025-10-05T20:00:03","modified_gmt":"2025-10-05T18:00:03","slug":"reservation","status":"publish","type":"page","link":"https:\/\/altiora-paris.fr\/index.php\/reservation\/","title":{"rendered":"R\u00e9servation"},"content":{"rendered":"\t\t<div data-elementor-type=\"wp-page\" data-elementor-id=\"700\" class=\"elementor elementor-700\" data-elementor-post-type=\"page\">\n\t\t\t\t<div class=\"elementor-element elementor-element-25991f3 e-flex e-con-boxed e-con e-parent\" data-id=\"25991f3\" data-element_type=\"container\">\n\t\t\t\t\t<div class=\"e-con-inner\">\n\t\t\t\t<div class=\"elementor-element elementor-element-7d852e4 elementor-widget elementor-widget-spacer\" data-id=\"7d852e4\" data-element_type=\"widget\" data-widget_type=\"spacer.default\">\n\t\t\t\t<div class=\"elementor-widget-container\">\n\t\t\t\t\t<div class=\"elementor-spacer\">\n\t\t\t<div class=\"elementor-spacer-inner\"><\/div>\n\t\t<\/div>\n\t\t\t\t<\/div>\n\t\t\t\t<\/div>\n\t\t\t\t<div class=\"elementor-element elementor-element-4802d6a elementor-widget elementor-widget-heading\" data-id=\"4802d6a\" data-element_type=\"widget\" data-widget_type=\"heading.default\">\n\t\t\t\t<div class=\"elementor-widget-container\">\n\t\t\t<h2 class=\"elementor-heading-title elementor-size-default\">Votre accompagnement commence ici !<\/h2>\t\t<\/div>\n\t\t\t\t<\/div>\n\t\t\t\t<div class=\"elementor-element elementor-element-9c7ac2b elementor-widget elementor-widget-text-editor\" data-id=\"9c7ac2b\" data-element_type=\"widget\" data-widget_type=\"text-editor.default\">\n\t\t\t\t<div class=\"elementor-widget-container\">\n\t\t\t\t\t\t\t<p data-start=\"997\" data-end=\"1155\">Je vous propose un premier \u00e9change d\u2019environ 30 minutes, offert et sans engagement, pour faire le point sur vos besoins, vos objectifs et votre mode de vie.<\/p><p data-start=\"1162\" data-end=\"1416\">Ce rendez-vous me permet de vous conna\u00eetre davantage et de construire un accompagnement r\u00e9ellement adapt\u00e9 \u00e0 votre profil. Que vous ayez d\u00e9j\u00e0 une id\u00e9e claire de ce que vous voulez ou non, cet entretien est l\u00e0 pour vous \u00e9couter et poser les bonnes bases.<\/p><p data-start=\"935\" data-end=\"1160\">Et parce qu\u2019un bon coaching doit pouvoir s\u2019inscrire dans la dur\u00e9e,<br data-start=\"266\" data-end=\"269\" \/><strong data-start=\"269\" data-end=\"336\">mes s\u00e9ances \u00e0 domicile sont \u00e9ligibles au service \u00e0 la personne.<\/strong><br data-start=\"336\" data-end=\"339\" \/><strong data-start=\"342\" data-end=\"390\">Vous b\u00e9n\u00e9ficiez de <\/strong><span data-start=\"342\" data-end=\"390\"><b>50\u202f% de r\u00e9duction fiscale<\/b><\/span> sur chaque s\u00e9ance r\u00e9alis\u00e9e chez vous.<\/p><p data-start=\"935\" data-end=\"1160\">Un vrai avantage pour garder le cap plus longtemps,<br data-start=\"481\" data-end=\"484\" \/><strong data-start=\"484\" data-end=\"540\">sans compromis sur la qualit\u00e9, ni sur vos r\u00e9sultats.<\/strong><\/p><p data-start=\"1423\" data-end=\"1573\">\u00c0 la suite de ce temps d\u2019\u00e9change, je vous enverrai une <strong data-start=\"1478\" data-end=\"1507\">proposition personnalis\u00e9e<\/strong>, avec les formules et le rythme qui vous conviendraient le mieux<\/p>\t\t\t\t\t\t<\/div>\n\t\t\t\t<\/div>\n\t\t\t\t<div class=\"elementor-element elementor-element-a7e8a97 elementor-widget elementor-widget-heading\" data-id=\"a7e8a97\" data-element_type=\"widget\" data-widget_type=\"heading.default\">\n\t\t\t\t<div class=\"elementor-widget-container\">\n\t\t\t<h2 class=\"elementor-heading-title elementor-size-default\">\"Chaque personne est unique, et je con\u00e7ois chaque suivi comme une collaboration de confiance\"<\/h2>\t\t<\/div>\n\t\t\t\t<\/div>\n\t\t\t\t<div class=\"elementor-element elementor-element-e1f660a elementor-align-center elementor-widget elementor-widget-button\" data-id=\"e1f660a\" data-element_type=\"widget\" data-widget_type=\"button.default\">\n\t\t\t\t<div class=\"elementor-widget-container\">\n\t\t\t\t\t\t\t<div class=\"elementor-button-wrapper\">\n\t\t\t\t\t<a class=\"elementor-button elementor-button-link elementor-size-sm\" href=\"http:\/\/calendly.com\/contact-altiora-paris\" target=\"_blank\" rel=\"noopener\">\n\t\t\t\t\t\t<span class=\"elementor-button-content-wrapper\">\n\t\t\t\t\t\t\t\t\t<span class=\"elementor-button-text\">R\u00e9servez votre appel<\/span>\n\t\t\t\t\t<\/span>\n\t\t\t\t\t<\/a>\n\t\t\t\t<\/div>\n\t\t\t\t\t\t<\/div>\n\t\t\t\t<\/div>\n\t\t\t\t<div class=\"elementor-element elementor-element-584b835 elementor-widget elementor-widget-spacer\" data-id=\"584b835\" data-element_type=\"widget\" data-widget_type=\"spacer.default\">\n\t\t\t\t<div class=\"elementor-widget-container\">\n\t\t\t\t\t<div class=\"elementor-spacer\">\n\t\t\t<div class=\"elementor-spacer-inner\"><\/div>\n\t\t<\/div>\n\t\t\t\t<\/div>\n\t\t\t\t<\/div>\n\t\t\t\t\t<\/div>\n\t\t\t\t<\/div>\n\t\t\t\t<\/div>\n\t\t","protected":false},"excerpt":{"rendered":"<p>Votre accompagnement commence ici ! Je vous propose un premier \u00e9change d\u2019environ 30 minutes, offert et sans engagement, pour faire le point sur vos besoins, vos objectifs et votre mode de vie. Ce rendez-vous me permet de vous conna\u00eetre davantage et de construire un accompagnement r\u00e9ellement adapt\u00e9 \u00e0 votre profil. Que vous ayez d\u00e9j\u00e0 une [&hellip;]<\/p>\n","protected":false},"author":1,"featured_media":0,"parent":0,"menu_order":0,"comment_status":"closed","ping_status":"closed","template":"","meta":{"_themeisle_gutenberg_block_has_review":false,"footnotes":""},"class_list":["post-700","page","type-page","status-publish","hentry"],"_links":{"self":[{"href":"https:\/\/altiora-paris.fr\/index.php\/wp-json\/wp\/v2\/pages\/700","targetHints":{"allow":["GET"]}}],"collection":[{"href":"https:\/\/altiora-paris.fr\/index.php\/wp-json\/wp\/v2\/pages"}],"about":[{"href":"https:\/\/altiora-paris.fr\/index.php\/wp-json\/wp\/v2\/types\/page"}],"author":[{"embeddable":true,"href":"https:\/\/altiora-paris.fr\/index.php\/wp-json\/wp\/v2\/users\/1"}],"replies":[{"embeddable":true,"href":"https:\/\/altiora-paris.fr\/index.php\/wp-json\/wp\/v2\/comments?post=700"}],"version-history":[{"count":14,"href":"https:\/\/altiora-paris.fr\/index.php\/wp-json\/wp\/v2\/pages\/700\/revisions"}],"predecessor-version":[{"id":905,"href":"https:\/\/altiora-paris.fr\/index.php\/wp-json\/wp\/v2\/pages\/700\/revisions\/905"}],"wp:attachment":[{"href":"https:\/\/altiora-paris.fr\/index.php\/wp-json\/wp\/v2\/media?parent=700"}],"curies":[{"name":"wp","href":"https:\/\/api.w.org\/{rel}","templated":true}]}}