{"id":451,"date":"2024-12-11T22:57:58","date_gmt":"2024-12-11T21:57:58","guid":{"rendered":"https:\/\/altiora-paris.fr\/?page_id=451"},"modified":"2025-11-13T10:23:04","modified_gmt":"2025-11-13T09:23:04","slug":"concept","status":"publish","type":"page","link":"https:\/\/altiora-paris.fr\/index.php\/concept\/","title":{"rendered":"Concept"},"content":{"rendered":"\t\t<div data-elementor-type=\"wp-page\" data-elementor-id=\"451\" class=\"elementor elementor-451\" data-elementor-post-type=\"page\">\n\t\t\t\t<div class=\"elementor-element elementor-element-3ed7be0 e-flex e-con-boxed e-con e-parent\" data-id=\"3ed7be0\" data-element_type=\"container\">\n\t\t\t\t\t<div class=\"e-con-inner\">\n\t\t\t\t\t<\/div>\n\t\t\t\t<\/div>\n\t\t<div class=\"elementor-element elementor-element-4b5613b e-flex e-con-boxed e-con e-parent\" data-id=\"4b5613b\" data-element_type=\"container\">\n\t\t\t\t\t<div class=\"e-con-inner\">\n\t\t\t\t<div class=\"elementor-element elementor-element-c81204b elementor-widget elementor-widget-spacer\" data-id=\"c81204b\" data-element_type=\"widget\" data-widget_type=\"spacer.default\">\n\t\t\t\t<div class=\"elementor-widget-container\">\n\t\t\t\t\t<div class=\"elementor-spacer\">\n\t\t\t<div class=\"elementor-spacer-inner\"><\/div>\n\t\t<\/div>\n\t\t\t\t<\/div>\n\t\t\t\t<\/div>\n\t\t\t\t<div class=\"elementor-element elementor-element-4423e31 elementor-widget elementor-widget-heading\" data-id=\"4423e31\" data-element_type=\"widget\" data-widget_type=\"heading.default\">\n\t\t\t\t<div class=\"elementor-widget-container\">\n\t\t\t<h2 class=\"elementor-heading-title elementor-size-default\">Mon concept<\/h2>\t\t<\/div>\n\t\t\t\t<\/div>\n\t\t\t\t\t<\/div>\n\t\t\t\t<\/div>\n\t\t<div class=\"elementor-element elementor-element-6a03aa7 e-flex e-con-boxed e-con e-parent\" data-id=\"6a03aa7\" data-element_type=\"container\">\n\t\t\t\t\t<div class=\"e-con-inner\">\n\t\t\t\t<div class=\"elementor-element elementor-element-3a3638e elementor-widget elementor-widget-text-editor\" data-id=\"3a3638e\" data-element_type=\"widget\" data-widget_type=\"text-editor.default\">\n\t\t\t\t<div class=\"elementor-widget-container\">\n\t\t\t\t\t\t\t<p data-start=\"319\" data-end=\"479\">Vous voulez prendre du muscle, vous sentir plus solide, plus confiant.<br data-start=\"389\" data-end=\"392\" \/>Mais vous n\u2019avez ni le temps, ni l\u2019envie d\u2019aller dans une salle de sport impersonnelle.<\/p><p data-start=\"481\" data-end=\"735\"><b>Je le comprends.<br data-start=\"497\" data-end=\"500\" \/><\/b>C\u2019est justement pour \u00e7a que j\u2019ai cr\u00e9\u00e9 une m\u00e9thode qui vous accompagne en coaching sportif l\u00e0 o\u00f9 vous \u00eates : chez vous, en ext\u00e9rieur, dans un cadre simple et ma\u00eetris\u00e9.<br data-start=\"646\" data-end=\"649\" \/>Pas besoin de machines complexes ou de performance affich\u00e9e. L\u2019essentiel est ailleurs.<\/p><h6>Mon objectif est clair : vous aider \u00e0 construire un physique plus fort et plus stable, \u00e0 votre rythme, sans pression.<\/h6><p>Avec un travail progressif et structur\u00e9, vous gagnerez en masse, en \u00e9nergie, et surtout en confiance.<\/p><p data-start=\"935\" data-end=\"1160\">Et parce que je crois qu\u2019un bon coaching doit aussi \u00eatre accessible sur le long terme, <strong data-start=\"1022\" data-end=\"1085\">mes s\u00e9ances \u00e0 domicile b\u00e9n\u00e9ficient du service \u00e0 la personne<\/strong>.<br data-start=\"1086\" data-end=\"1089\" \/><strong data-start=\"1092\" data-end=\"1160\">Vous pouvez d\u00e9duire 50 % du montant des coachings de vos imp\u00f4ts !<\/strong><\/p><p data-start=\"1162\" data-end=\"1260\">C\u2019est un vrai coup de pouce pour tenir vos objectifs dans la dur\u00e9e, sans compromis sur la qualit\u00e9<\/p><blockquote data-start=\"960\" data-end=\"1082\"><p data-start=\"962\" data-end=\"1082\"><strong data-start=\"962\" data-end=\"973\">Altiora-Paris:<\/strong>\u00a0c\u2019est une autre mani\u00e8re d\u2019envisager la transformation physique.<\/p><p data-start=\"962\" data-end=\"1082\">Plus humaine, plus directe, plus vraie.<\/p><\/blockquote>\t\t\t\t\t\t<\/div>\n\t\t\t\t<\/div>\n\t\t\t\t\t<\/div>\n\t\t\t\t<\/div>\n\t\t<div class=\"elementor-element elementor-element-ed22f69 e-flex e-con-boxed e-con e-parent\" data-id=\"ed22f69\" data-element_type=\"container\">\n\t\t\t\t\t<div class=\"e-con-inner\">\n\t\t<div class=\"elementor-element elementor-element-8b19585 e-con-full e-flex e-con e-child\" data-id=\"8b19585\" data-element_type=\"container\" data-settings=\"{&quot;background_background&quot;:&quot;classic&quot;}\">\n\t\t<div class=\"elementor-element elementor-element-4885811 e-con-full e-flex e-con e-child\" data-id=\"4885811\" data-element_type=\"container\">\n\t\t\t\t<div class=\"elementor-element elementor-element-2e1fe9d elementor-widget elementor-widget-heading\" data-id=\"2e1fe9d\" data-element_type=\"widget\" data-widget_type=\"heading.default\">\n\t\t\t\t<div class=\"elementor-widget-container\">\n\t\t\t<h2 class=\"elementor-heading-title elementor-size-default\">Votre bien-\u00eatre m\u00e9rite une approche d\u2019exception.<\/h2>\t\t<\/div>\n\t\t\t\t<\/div>\n\t\t\t\t<div class=\"elementor-element elementor-element-392706b elementor-widget elementor-widget-text-editor\" data-id=\"392706b\" data-element_type=\"widget\" data-widget_type=\"text-editor.default\">\n\t\t\t\t<div class=\"elementor-widget-container\">\n\t\t\t\t\t\t\t<p>Je vous propose une premi\u00e8re s\u00e9ance d\u2019essai personnalis\u00e9e, dans un cadre confidentiel et exigeant, pour poser les bases d\u2019un accompagnement qui respecte votre rythme, vos objectifs, et vos priorit\u00e9s.<\/p>\t\t\t\t\t\t<\/div>\n\t\t\t\t<\/div>\n\t\t\t\t<div class=\"elementor-element elementor-element-f0fb35c elementor-invisible elementor-widget elementor-widget-button\" data-id=\"f0fb35c\" data-element_type=\"widget\" data-settings=\"{&quot;_animation&quot;:&quot;fadeInDown&quot;}\" data-widget_type=\"button.default\">\n\t\t\t\t<div class=\"elementor-widget-container\">\n\t\t\t\t\t\t\t<div class=\"elementor-button-wrapper\">\n\t\t\t\t\t<a class=\"elementor-button elementor-button-link elementor-size-sm\" href=\"https:\/\/altiora-paris.fr\/index.php\/reservation\/\">\n\t\t\t\t\t\t<span class=\"elementor-button-content-wrapper\">\n\t\t\t\t\t\t\t\t\t<span class=\"elementor-button-text\">\u00catre rappel\u00e9 gratuitement<\/span>\n\t\t\t\t\t<\/span>\n\t\t\t\t\t<\/a>\n\t\t\t\t<\/div>\n\t\t\t\t\t\t<\/div>\n\t\t\t\t<\/div>\n\t\t\t\t<\/div>\n\t\t<div class=\"elementor-element elementor-element-1c49d5a e-con-full e-flex e-con e-child\" data-id=\"1c49d5a\" data-element_type=\"container\">\n\t\t\t\t<div class=\"elementor-element elementor-element-6dc2b10 elementor-widget elementor-widget-image\" data-id=\"6dc2b10\" data-element_type=\"widget\" data-widget_type=\"image.default\">\n\t\t\t\t<div class=\"elementor-widget-container\">\n\t\t\t\t\t\t\t\t\t\t\t\t\t<img fetchpriority=\"high\" decoding=\"async\" width=\"1010\" height=\"1620\" src=\"https:\/\/altiora-paris.fr\/wp-content\/uploads\/2025\/11\/12112025-DSC_0691_1.jpg\" class=\"attachment-full size-full wp-image-995\" alt=\"\" srcset=\"https:\/\/altiora-paris.fr\/wp-content\/uploads\/2025\/11\/12112025-DSC_0691_1.jpg 1010w, https:\/\/altiora-paris.fr\/wp-content\/uploads\/2025\/11\/12112025-DSC_0691_1-187x300.jpg 187w, https:\/\/altiora-paris.fr\/wp-content\/uploads\/2025\/11\/12112025-DSC_0691_1-638x1024.jpg 638w, https:\/\/altiora-paris.fr\/wp-content\/uploads\/2025\/11\/12112025-DSC_0691_1-768x1232.jpg 768w, https:\/\/altiora-paris.fr\/wp-content\/uploads\/2025\/11\/12112025-DSC_0691_1-958x1536.jpg 958w\" sizes=\"(max-width: 1010px) 100vw, 1010px\" \/>\t\t\t\t\t\t\t\t\t\t\t\t\t<\/div>\n\t\t\t\t<\/div>\n\t\t\t\t<\/div>\n\t\t\t\t<\/div>\n\t\t\t\t\t<\/div>\n\t\t\t\t<\/div>\n\t\t\t\t<\/div>\n\t\t","protected":false},"excerpt":{"rendered":"<p>Mon concept Vous voulez prendre du muscle, vous sentir plus solide, plus confiant.Mais vous n\u2019avez ni le temps, ni l\u2019envie d\u2019aller dans une salle de sport impersonnelle. Je le comprends.C\u2019est justement pour \u00e7a que j\u2019ai cr\u00e9\u00e9 une m\u00e9thode qui vous accompagne en coaching sportif l\u00e0 o\u00f9 vous \u00eates : chez vous, en ext\u00e9rieur, dans un [&hellip;]<\/p>\n","protected":false},"author":1,"featured_media":0,"parent":0,"menu_order":0,"comment_status":"closed","ping_status":"closed","template":"","meta":{"_themeisle_gutenberg_block_has_review":false,"footnotes":""},"class_list":["post-451","page","type-page","status-publish","hentry"],"_links":{"self":[{"href":"https:\/\/altiora-paris.fr\/index.php\/wp-json\/wp\/v2\/pages\/451","targetHints":{"allow":["GET"]}}],"collection":[{"href":"https:\/\/altiora-paris.fr\/index.php\/wp-json\/wp\/v2\/pages"}],"about":[{"href":"https:\/\/altiora-paris.fr\/index.php\/wp-json\/wp\/v2\/types\/page"}],"author":[{"embeddable":true,"href":"https:\/\/altiora-paris.fr\/index.php\/wp-json\/wp\/v2\/users\/1"}],"replies":[{"embeddable":true,"href":"https:\/\/altiora-paris.fr\/index.php\/wp-json\/wp\/v2\/comments?post=451"}],"version-history":[{"count":43,"href":"https:\/\/altiora-paris.fr\/index.php\/wp-json\/wp\/v2\/pages\/451\/revisions"}],"predecessor-version":[{"id":1009,"href":"https:\/\/altiora-paris.fr\/index.php\/wp-json\/wp\/v2\/pages\/451\/revisions\/1009"}],"wp:attachment":[{"href":"https:\/\/altiora-paris.fr\/index.php\/wp-json\/wp\/v2\/media?parent=451"}],"curies":[{"name":"wp","href":"https:\/\/api.w.org\/{rel}","templated":true}]}}