{"id":45,"date":"2024-12-06T20:17:50","date_gmt":"2024-12-06T19:17:50","guid":{"rendered":"https:\/\/altiora-paris.fr\/index.php\/about\/"},"modified":"2025-11-13T17:42:51","modified_gmt":"2025-11-13T16:42:51","slug":"about","status":"publish","type":"page","link":"https:\/\/altiora-paris.fr\/index.php\/about\/","title":{"rendered":"Qui Suis Je?"},"content":{"rendered":"\t\t<div data-elementor-type=\"wp-page\" data-elementor-id=\"45\" class=\"elementor elementor-45\" data-elementor-post-type=\"page\">\n\t\t\t\t<div class=\"elementor-element elementor-element-b028a49 e-flex e-con-boxed e-con e-parent\" data-id=\"b028a49\" data-element_type=\"container\">\n\t\t\t\t\t<div class=\"e-con-inner\">\n\t\t\t\t<div class=\"elementor-element elementor-element-dfaa25c elementor-widget elementor-widget-spacer\" data-id=\"dfaa25c\" data-element_type=\"widget\" data-widget_type=\"spacer.default\">\n\t\t\t\t<div class=\"elementor-widget-container\">\n\t\t\t\t\t<div class=\"elementor-spacer\">\n\t\t\t<div class=\"elementor-spacer-inner\"><\/div>\n\t\t<\/div>\n\t\t\t\t<\/div>\n\t\t\t\t<\/div>\n\t\t\t\t\t<\/div>\n\t\t\t\t<\/div>\n\t\t<div class=\"elementor-element elementor-element-25a7e16 e-flex e-con-boxed e-con e-parent\" data-id=\"25a7e16\" data-element_type=\"container\">\n\t\t\t\t\t<div class=\"e-con-inner\">\n\t\t\t\t<div class=\"elementor-element elementor-element-5c033e1 elementor-widget elementor-widget-spacer\" data-id=\"5c033e1\" data-element_type=\"widget\" data-widget_type=\"spacer.default\">\n\t\t\t\t<div class=\"elementor-widget-container\">\n\t\t\t\t\t<div class=\"elementor-spacer\">\n\t\t\t<div class=\"elementor-spacer-inner\"><\/div>\n\t\t<\/div>\n\t\t\t\t<\/div>\n\t\t\t\t<\/div>\n\t\t\t\t<div class=\"elementor-element elementor-element-ee4ab61 elementor-widget elementor-widget-heading\" data-id=\"ee4ab61\" data-element_type=\"widget\" data-widget_type=\"heading.default\">\n\t\t\t\t<div class=\"elementor-widget-container\">\n\t\t\t<h2 class=\"elementor-heading-title elementor-size-default\">Qui suis-je ?<\/h2>\t\t<\/div>\n\t\t\t\t<\/div>\n\t\t\t\t\t<\/div>\n\t\t\t\t<\/div>\n\t\t<div class=\"elementor-element elementor-element-3713979 e-flex e-con-boxed e-con e-parent\" data-id=\"3713979\" data-element_type=\"container\">\n\t\t\t\t\t<div class=\"e-con-inner\">\n\t\t\t\t<div class=\"elementor-element elementor-element-7727daa elementor-widget elementor-widget-spacer\" data-id=\"7727daa\" data-element_type=\"widget\" data-widget_type=\"spacer.default\">\n\t\t\t\t<div class=\"elementor-widget-container\">\n\t\t\t\t\t<div class=\"elementor-spacer\">\n\t\t\t<div class=\"elementor-spacer-inner\"><\/div>\n\t\t<\/div>\n\t\t\t\t<\/div>\n\t\t\t\t<\/div>\n\t\t\t\t\t<\/div>\n\t\t\t\t<\/div>\n\t\t<div class=\"elementor-element elementor-element-3cedb4f e-con-full e-flex e-con e-parent\" data-id=\"3cedb4f\" data-element_type=\"container\">\n\t\t<div class=\"elementor-element elementor-element-cb149f9 e-con-full e-flex e-con e-child\" data-id=\"cb149f9\" data-element_type=\"container\">\n\t\t\t\t<div class=\"elementor-element elementor-element-4066e29 animated-slow elementor-widget elementor-widget-heading\" data-id=\"4066e29\" data-element_type=\"widget\" data-settings=\"{&quot;_animation&quot;:&quot;none&quot;}\" data-widget_type=\"heading.default\">\n\t\t\t\t<div class=\"elementor-widget-container\">\n\t\t\t<h2 class=\"elementor-heading-title elementor-size-default\">Lorenzo Tirard<\/h2>\t\t<\/div>\n\t\t\t\t<\/div>\n\t\t\t\t<div class=\"elementor-element elementor-element-04ad582 elementor-invisible elementor-widget elementor-widget-text-editor\" data-id=\"04ad582\" data-element_type=\"widget\" data-settings=\"{&quot;_animation&quot;:&quot;fadeIn&quot;}\" data-widget_type=\"text-editor.default\">\n\t\t\t\t<div class=\"elementor-widget-container\">\n\t\t\t\t\t\t\t<p data-start=\"307\" data-end=\"570\">Depuis plus de dix ans, je me consacre au coaching sportif avec la volont\u00e9 d\u2019accompagner chaque personne de fa\u00e7on authentique et efficace. Mon approche s\u2019est construite avec le temps, \u00e0 force d\u2019entra\u00eenements, de lectures, d\u2019essais, d\u2019erreurs, et surtout d\u2019\u00e9coute.<\/p><p data-start=\"307\" data-end=\"570\">\u00a0<\/p><p data-start=\"1063\" data-end=\"1447\">Le sport fait partie de ma vie depuis plus de 25 ans. D\u2019abord en tant que joueur, puis en tant qu\u2019entra\u00eeneur. Ma premi\u00e8re exigence, je l\u2019ai rencontr\u00e9e sur les terrains de tennis, lors de ma pr\u00e9paration \u00e0 haut niveau. C\u2019est l\u00e0 que j\u2019ai compris que progresser ne d\u00e9pend pas uniquement du corps, mais aussi de la capacit\u00e9 \u00e0 se comprendre, \u00e0 s\u2019adapter, \u00e0 tenir bon quand \u00e7a devient difficile.<\/p><p data-start=\"1063\" data-end=\"1447\">\u00a0<\/p><p data-start=\"1063\" data-end=\"1447\">Je suis dipl\u00f4m\u00e9 d\u2019une <strong data-start=\"1197\" data-end=\"1238\">licence STAPS en entra\u00eenement sportif<\/strong>, avec une <strong data-start=\"1249\" data-end=\"1274\">sp\u00e9cialisation tennis<\/strong>, et titulaire du <strong data-start=\"1292\" data-end=\"1309\">DEJEPS Tennis<\/strong>, reconnu par l\u2019\u00c9tat.<br data-start=\"1330\" data-end=\"1333\" \/>Je me suis \u00e9galement form\u00e9 en <strong data-start=\"1363\" data-end=\"1377\">di\u00e9t\u00e9tique<\/strong>, pour proposer un accompagnement complet et coh\u00e9rent \u00e0 chaque profil.<\/p><p data-start=\"1063\" data-end=\"1447\">\u00a0<\/p><p data-start=\"1449\" data-end=\"1846\">Aujourd\u2019hui, je suis encore <strong data-start=\"1477\" data-end=\"1525\">professeur de tennis et pr\u00e9parateur physique<\/strong> dans diff\u00e9rents clubs, tout en exer\u00e7ant \u00e0 mon compte comme <strong data-start=\"1585\" data-end=\"1628\">coach sp\u00e9cialis\u00e9 dans la prise de masse<\/strong>.<\/p><p data-start=\"1449\" data-end=\"1846\"><br data-start=\"1629\" data-end=\"1632\" \/>J\u2019ai eu la chance de suivre plus d\u2019une cinquantaine de personnes, issues de milieux tr\u00e8s vari\u00e9s sportifs confirm\u00e9s, d\u00e9butants, ou simplement des hommes qui voulaient retrouver une meilleure relation \u00e0 leur corps.<\/p><p data-start=\"1449\" data-end=\"1846\">\u00a0<\/p><p data-start=\"852\" data-end=\"1094\">Je mets toute cette exp\u00e9rience au service de\u00a0 ceux qui cherchent \u00e0 se transformer avec clart\u00e9 et s\u00e9r\u00e9nit\u00e9.<br data-start=\"980\" data-end=\"983\" \/>Je ne propose pas de m\u00e9thode miracle, mais un cadre sur-mesure, pens\u00e9 pour durer et vraiment vous correspondre.<\/p><blockquote data-start=\"1096\" data-end=\"1213\"><p data-start=\"1098\" data-end=\"1213\"><i><strong data-start=\"1098\" data-end=\"1137\">Altiora-Paris, ce n\u2019est pas juste un nom.<\/strong><br data-start=\"1137\" data-end=\"1140\" \/>C\u2019est une direction : viser plus haut, en restant align\u00e9 avec soi-m\u00eame<\/i>.<\/p><\/blockquote>\t\t\t\t\t\t<\/div>\n\t\t\t\t<\/div>\n\t\t\t\t<\/div>\n\t\t\t\t<div class=\"elementor-element elementor-element-f2b0046 elementor-widget__width-initial elementor-widget-mobile__width-initial elementor-invisible elementor-widget elementor-widget-image\" data-id=\"f2b0046\" data-element_type=\"widget\" data-settings=\"{&quot;_animation&quot;:&quot;fadeInRight&quot;}\" data-widget_type=\"image.default\">\n\t\t\t\t<div class=\"elementor-widget-container\">\n\t\t\t\t\t\t\t\t\t\t\t\t\t<img fetchpriority=\"high\" decoding=\"async\" width=\"1080\" height=\"1620\" src=\"https:\/\/altiora-paris.fr\/wp-content\/uploads\/2025\/11\/12112025-DSC_0677_1.jpg\" class=\"attachment-full size-full wp-image-992\" alt=\"\" srcset=\"https:\/\/altiora-paris.fr\/wp-content\/uploads\/2025\/11\/12112025-DSC_0677_1.jpg 1080w, https:\/\/altiora-paris.fr\/wp-content\/uploads\/2025\/11\/12112025-DSC_0677_1-200x300.jpg 200w, https:\/\/altiora-paris.fr\/wp-content\/uploads\/2025\/11\/12112025-DSC_0677_1-683x1024.jpg 683w, https:\/\/altiora-paris.fr\/wp-content\/uploads\/2025\/11\/12112025-DSC_0677_1-768x1152.jpg 768w, https:\/\/altiora-paris.fr\/wp-content\/uploads\/2025\/11\/12112025-DSC_0677_1-1024x1536.jpg 1024w\" sizes=\"(max-width: 1080px) 100vw, 1080px\" \/>\t\t\t\t\t\t\t\t\t\t\t\t\t<\/div>\n\t\t\t\t<\/div>\n\t\t\t\t<\/div>\n\t\t<div class=\"elementor-element elementor-element-8798c84 e-flex e-con-boxed e-con e-parent\" data-id=\"8798c84\" data-element_type=\"container\" data-settings=\"{&quot;background_background&quot;:&quot;classic&quot;}\">\n\t\t\t\t\t<div class=\"e-con-inner\">\n\t\t\t\t<div class=\"elementor-element elementor-element-53f8846 elementor-widget elementor-widget-template\" data-id=\"53f8846\" data-element_type=\"widget\" data-widget_type=\"template.default\">\n\t\t\t\t<div class=\"elementor-widget-container\">\n\t\t\t\t\t<div class=\"elementor-template\">\n\t\t\t\t\t<div data-elementor-type=\"container\" data-elementor-id=\"646\" class=\"elementor elementor-646\" data-elementor-post-type=\"elementor_library\">\n\t\t\t\t<div class=\"elementor-element elementor-element-529c6f73 e-con-full e-flex e-con e-child\" data-id=\"529c6f73\" data-element_type=\"container\" data-settings=\"{&quot;background_background&quot;:&quot;classic&quot;}\">\n\t\t<div class=\"elementor-element elementor-element-517e791f e-con-full e-flex e-con e-child\" data-id=\"517e791f\" data-element_type=\"container\">\n\t\t\t\t<div class=\"elementor-element elementor-element-3c6594f3 elementor-widget elementor-widget-heading\" data-id=\"3c6594f3\" data-element_type=\"widget\" data-widget_type=\"heading.default\">\n\t\t\t\t<div class=\"elementor-widget-container\">\n\t\t\t<h2 class=\"elementor-heading-title elementor-size-default\">Votre bien-\u00eatre m\u00e9rite une approche d\u2019exception.<\/h2>\t\t<\/div>\n\t\t\t\t<\/div>\n\t\t\t\t<div class=\"elementor-element elementor-element-49a1971b elementor-widget elementor-widget-text-editor\" data-id=\"49a1971b\" data-element_type=\"widget\" data-widget_type=\"text-editor.default\">\n\t\t\t\t<div class=\"elementor-widget-container\">\n\t\t\t\t\t\t\t<p>Je vous propose une premi\u00e8re s\u00e9ance d\u2019essai personnalis\u00e9e, dans un cadre confidentiel et exigeant, pour poser les bases d\u2019un accompagnement qui respecte votre rythme, vos objectifs, et vos priorit\u00e9s.<\/p>\t\t\t\t\t\t<\/div>\n\t\t\t\t<\/div>\n\t\t\t\t<div class=\"elementor-element elementor-element-592ea68c elementor-invisible elementor-widget elementor-widget-button\" data-id=\"592ea68c\" data-element_type=\"widget\" data-settings=\"{&quot;_animation&quot;:&quot;fadeInDown&quot;}\" data-widget_type=\"button.default\">\n\t\t\t\t<div class=\"elementor-widget-container\">\n\t\t\t\t\t\t\t<div class=\"elementor-button-wrapper\">\n\t\t\t\t\t<a class=\"elementor-button elementor-button-link elementor-size-sm\" href=\"https:\/\/altiora-paris.fr\/index.php\/reservation\/\">\n\t\t\t\t\t\t<span class=\"elementor-button-content-wrapper\">\n\t\t\t\t\t\t\t\t\t<span class=\"elementor-button-text\">\u00catre rappel\u00e9 gratuitement<\/span>\n\t\t\t\t\t<\/span>\n\t\t\t\t\t<\/a>\n\t\t\t\t<\/div>\n\t\t\t\t\t\t<\/div>\n\t\t\t\t<\/div>\n\t\t\t\t<\/div>\n\t\t<div class=\"elementor-element elementor-element-5acc6b9b e-con-full e-flex e-con e-child\" data-id=\"5acc6b9b\" data-element_type=\"container\">\n\t\t\t\t<div class=\"elementor-element elementor-element-7533d6da elementor-widget elementor-widget-image\" data-id=\"7533d6da\" data-element_type=\"widget\" data-widget_type=\"image.default\">\n\t\t\t\t<div class=\"elementor-widget-container\">\n\t\t\t\t\t\t\t\t\t\t\t\t\t<img decoding=\"async\" width=\"1620\" height=\"1080\" src=\"https:\/\/altiora-paris.fr\/wp-content\/uploads\/2025\/11\/12112025-DSC_0673_1.jpg\" class=\"attachment-full size-full wp-image-989\" alt=\"\" srcset=\"https:\/\/altiora-paris.fr\/wp-content\/uploads\/2025\/11\/12112025-DSC_0673_1.jpg 1620w, https:\/\/altiora-paris.fr\/wp-content\/uploads\/2025\/11\/12112025-DSC_0673_1-300x200.jpg 300w, https:\/\/altiora-paris.fr\/wp-content\/uploads\/2025\/11\/12112025-DSC_0673_1-1024x683.jpg 1024w, https:\/\/altiora-paris.fr\/wp-content\/uploads\/2025\/11\/12112025-DSC_0673_1-768x512.jpg 768w, https:\/\/altiora-paris.fr\/wp-content\/uploads\/2025\/11\/12112025-DSC_0673_1-1536x1024.jpg 1536w\" sizes=\"(max-width: 1620px) 100vw, 1620px\" \/>\t\t\t\t\t\t\t\t\t\t\t\t\t<\/div>\n\t\t\t\t<\/div>\n\t\t\t\t<\/div>\n\t\t\t\t<\/div>\n\t\t\t\t<\/div>\n\t\t\t\t<\/div>\n\t\t\t\t<\/div>\n\t\t\t\t<\/div>\n\t\t\t\t\t<\/div>\n\t\t\t\t<\/div>\n\t\t\t\t<\/div>\n\t\t","protected":false},"excerpt":{"rendered":"<p>Qui suis-je ? Lorenzo Tirard Depuis plus de dix ans, je me consacre au coaching sportif avec la volont\u00e9 d\u2019accompagner chaque personne de fa\u00e7on authentique et efficace. Mon approche s\u2019est construite avec le temps, \u00e0 force d\u2019entra\u00eenements, de lectures, d\u2019essais, d\u2019erreurs, et surtout d\u2019\u00e9coute. \u00a0 Le sport fait partie de ma vie depuis plus de [&hellip;]<\/p>\n","protected":false},"author":1,"featured_media":0,"parent":0,"menu_order":0,"comment_status":"closed","ping_status":"closed","template":"elementor_header_footer","meta":{"_themeisle_gutenberg_block_has_review":false,"footnotes":""},"class_list":["post-45","page","type-page","status-publish","hentry"],"_links":{"self":[{"href":"https:\/\/altiora-paris.fr\/index.php\/wp-json\/wp\/v2\/pages\/45","targetHints":{"allow":["GET"]}}],"collection":[{"href":"https:\/\/altiora-paris.fr\/index.php\/wp-json\/wp\/v2\/pages"}],"about":[{"href":"https:\/\/altiora-paris.fr\/index.php\/wp-json\/wp\/v2\/types\/page"}],"author":[{"embeddable":true,"href":"https:\/\/altiora-paris.fr\/index.php\/wp-json\/wp\/v2\/users\/1"}],"replies":[{"embeddable":true,"href":"https:\/\/altiora-paris.fr\/index.php\/wp-json\/wp\/v2\/comments?post=45"}],"version-history":[{"count":95,"href":"https:\/\/altiora-paris.fr\/index.php\/wp-json\/wp\/v2\/pages\/45\/revisions"}],"predecessor-version":[{"id":1027,"href":"https:\/\/altiora-paris.fr\/index.php\/wp-json\/wp\/v2\/pages\/45\/revisions\/1027"}],"wp:attachment":[{"href":"https:\/\/altiora-paris.fr\/index.php\/wp-json\/wp\/v2\/media?parent=45"}],"curies":[{"name":"wp","href":"https:\/\/api.w.org\/{rel}","templated":true}]}}