{"id":219,"date":"2024-12-09T11:02:55","date_gmt":"2024-12-09T10:02:55","guid":{"rendered":"https:\/\/altiora-paris.fr\/?page_id=219"},"modified":"2025-09-28T14:21:09","modified_gmt":"2025-09-28T12:21:09","slug":"mentions-legales","status":"publish","type":"page","link":"https:\/\/altiora-paris.fr\/index.php\/mentions-legales\/","title":{"rendered":"Mentions l\u00e9gales"},"content":{"rendered":"\t\t<div data-elementor-type=\"wp-page\" data-elementor-id=\"219\" class=\"elementor elementor-219\" data-elementor-post-type=\"page\">\n\t\t\t\t<div class=\"elementor-element elementor-element-915dcde e-flex e-con-boxed e-con e-parent\" data-id=\"915dcde\" data-element_type=\"container\">\n\t\t\t\t\t<div class=\"e-con-inner\">\n\t\t\t\t<div class=\"elementor-element elementor-element-3ed785c elementor-widget elementor-widget-spacer\" data-id=\"3ed785c\" data-element_type=\"widget\" data-widget_type=\"spacer.default\">\n\t\t\t\t<div class=\"elementor-widget-container\">\n\t\t\t\t\t<div class=\"elementor-spacer\">\n\t\t\t<div class=\"elementor-spacer-inner\"><\/div>\n\t\t<\/div>\n\t\t\t\t<\/div>\n\t\t\t\t<\/div>\n\t\t\t\t<div class=\"elementor-element elementor-element-477dc27 elementor-widget elementor-widget-text-editor\" data-id=\"477dc27\" data-element_type=\"widget\" data-widget_type=\"text-editor.default\">\n\t\t\t\t<div class=\"elementor-widget-container\">\n\t\t\t\t\t\t\t<h2><strong>Mentions l\u00e9gales<\/strong><\/h2>\n<p><strong>Site Internet : <a href=\"http:\/\/www.altiora-paris.fr\" target=\"_new\" rel=\"noopener\">www.altiora-paris.fr<\/a><\/strong><br>Date de mise \u00e0 jour : [Ins\u00e9rez la date]<\/p>\n<hr>\n<h3><strong>1. \u00c9diteur du site<\/strong><\/h3>\n<p>Le site <strong><a href=\"http:\/\/www.altiora-paris.fr\" target=\"_new\" rel=\"noopener\">www.altiora-paris.fr<\/a><\/strong> est \u00e9dit\u00e9 par :<br><strong>Nom de l\u2019entreprise ou du professionnel<\/strong> : Conception &amp; r\u00e9alisation : Altiora Paris<br><strong>Forme juridique<\/strong> : Entreprise individuelle<br><strong>Adresse<\/strong> : 100 Rue Jean Jaur\u00e8s 94800 Villejuif<br><strong>SIRET<\/strong> : 899 867 840 00014<br><strong>TVA intracommunautaire<\/strong> : Non<br><strong>Responsable de la publication<\/strong> : Altiora-Paris<br><strong>Contact<\/strong> :<\/p>\n<ul>\n<li><strong>E-mail<\/strong> :&nbsp;<\/li>\n<li><strong>T\u00e9l\u00e9phone<\/strong> : 06 62 23 11 05<\/li>\n<\/ul>\n<hr>\n<h3><strong>2. H\u00e9bergeur du site<\/strong><\/h3>\n<p>Le site <strong><a href=\"http:\/\/www.altiora-paris.fr\" target=\"_new\" rel=\"noopener\">www.altiora-paris.fr<\/a><\/strong> est h\u00e9berg\u00e9 par :<br><strong>Nom de l\u2019h\u00e9bergeur<\/strong> : [Exemple : OVH, Bluehost, etc.]<br><strong>Adresse<\/strong> : [Adresse compl\u00e8te de l\u2019h\u00e9bergeur]<br><strong>T\u00e9l\u00e9phone<\/strong> : [Num\u00e9ro de t\u00e9l\u00e9phone de l\u2019h\u00e9bergeur]<br><strong>Site Internet<\/strong> : [Lien vers le site de l\u2019h\u00e9bergeur]<\/p>\n<hr>\n<h3><strong>3. Propri\u00e9t\u00e9 intellectuelle<\/strong><\/h3>\n<p>Le site <strong><a href=\"http:\/\/www.altiora-paris.fr\" target=\"_new\" rel=\"noopener\">www.altiora-paris.fr<\/a><\/strong> et l&#8217;ensemble de son contenu (textes, images, graphismes, logos, vid\u00e9os, etc.) sont prot\u00e9g\u00e9s par les lois relatives \u00e0 la propri\u00e9t\u00e9 intellectuelle.<\/p>\n<p>Toute reproduction, repr\u00e9sentation, modification, publication, adaptation, ou exploitation partielle ou totale des \u00e9l\u00e9ments du site, quel que soit le moyen ou le proc\u00e9d\u00e9 utilis\u00e9, est interdite sans l&#8217;autorisation \u00e9crite pr\u00e9alable de <strong>Altiora Paris<\/strong>.<\/p>\n<p>Toute violation pourra donner lieu \u00e0 des poursuites judiciaires.<\/p>\n<hr>\n<h3><strong>4. Protection des donn\u00e9es personnelles<\/strong><\/h3>\n<p>Conform\u00e9ment au R\u00e8glement G\u00e9n\u00e9ral sur la Protection des Donn\u00e9es (RGPD) et \u00e0 la loi Informatique et Libert\u00e9s, <strong>Altiora Paris<\/strong> s\u2019engage \u00e0 prot\u00e9ger les donn\u00e9es personnelles des utilisateurs.<\/p>\n<h4><strong>4.1 Responsable du traitement des donn\u00e9es<\/strong><\/h4>\n<p>Le responsable du traitement des donn\u00e9es est <strong>[Nom ou entreprise]<\/strong>.<\/p>\n<h4><strong>4.2 Finalit\u00e9s du traitement<\/strong><\/h4>\n<p>Les donn\u00e9es collect\u00e9es via le site sont utilis\u00e9es pour :<\/p>\n<ul>\n<li>G\u00e9rer les r\u00e9servations et les prestations de coaching.<\/li>\n<li>R\u00e9pondre aux demandes d\u2019informations.<\/li>\n<li>Envoyer des newsletters (avec consentement pr\u00e9alable de l\u2019utilisateur).<\/li>\n<\/ul>\n<h4><strong>4.3 Droit des utilisateurs<\/strong><\/h4>\n<p>Conform\u00e9ment \u00e0 la loi, les utilisateurs disposent des droits suivants concernant leurs donn\u00e9es :<\/p>\n<ul>\n<li>Acc\u00e8s<\/li>\n<li>Rectification<\/li>\n<li>Suppression<\/li>\n<li>Opposition au traitement<\/li>\n<li>Portabilit\u00e9<\/li>\n<\/ul>\n<p>Pour exercer ces droits, envoyez un e-mail \u00e0 [Votre adresse e-mail].<\/p>\n<p>Pour plus d\u2019informations, consultez notre [Politique de Confidentialit\u00e9].<\/p>\n<hr>\n<h3><strong>5. Responsabilit\u00e9<\/strong><\/h3>\n<p>Altiora Paris met tout en \u0153uvre pour fournir des informations exactes et mises \u00e0 jour sur le site. Cependant, Altiora Paris ne peut garantir l\u2019exactitude, l\u2019exhaustivit\u00e9 ou la mise \u00e0 jour des informations publi\u00e9es.<\/p>\n<p>Altiora Paris ne pourra \u00eatre tenu responsable des dommages directs ou indirects li\u00e9s \u00e0 l\u2019utilisation du site.<\/p>\n<hr>\n<h3><strong>6. Cookies<\/strong><\/h3>\n<p>Le site <strong><a href=\"http:\/\/www.altiora-paris.fr\" target=\"_new\" rel=\"noopener\">www.altiora-paris.fr<\/a><\/strong> utilise des cookies pour am\u00e9liorer l\u2019exp\u00e9rience utilisateur et analyser la fr\u00e9quentation du site.<\/p>\n<p>En acc\u00e9dant au site, l\u2019utilisateur peut accepter ou refuser l\u2019utilisation de cookies via le bandeau d\u2019information affich\u00e9 lors de la premi\u00e8re visite.<\/p>\n<p>Pour plus d\u2019informations, consultez notre [Politique de gestion des cookies].<\/p>\n<hr>\n<h3><strong>7. Liens hypertextes<\/strong><\/h3>\n<p>Le site peut contenir des liens vers d&#8217;autres sites externes. Altiora Paris ne peut \u00eatre tenu responsable du contenu ou des pratiques de ces sites.<\/p>\n<hr>\n<h3><strong>8. Loi applicable et juridiction<\/strong><\/h3>\n<p>Les pr\u00e9sentes mentions l\u00e9gales sont soumises \u00e0 la l\u00e9gislation fran\u00e7aise. En cas de litige, les tribunaux comp\u00e9tents de Paris seront seuls habilit\u00e9s \u00e0 trancher.<\/p>\n<hr>\n<p>Pour toute question relative aux pr\u00e9sentes mentions l\u00e9gales, veuillez nous contacter \u00e0 :<br><strong>E-mail<\/strong> : [Votre adresse e-mail]<br><strong>T\u00e9l\u00e9phone<\/strong> : [Votre num\u00e9ro de t\u00e9l\u00e9phone]<\/p>\t\t\t\t\t\t<\/div>\n\t\t\t\t<\/div>\n\t\t\t\t\t<\/div>\n\t\t\t\t<\/div>\n\t\t\t\t<\/div>\n\t\t","protected":false},"excerpt":{"rendered":"<p>Mentions l\u00e9gales Site Internet : www.altiora-paris.frDate de mise \u00e0 jour : [Ins\u00e9rez la date] 1. \u00c9diteur du site Le site www.altiora-paris.fr est \u00e9dit\u00e9 par :Nom de l\u2019entreprise ou du professionnel : Conception &amp; r\u00e9alisation : Altiora ParisForme juridique : Entreprise individuelleAdresse : 100 Rue Jean Jaur\u00e8s 94800 VillejuifSIRET : 899 867 840 00014TVA intracommunautaire : [&hellip;]<\/p>\n","protected":false},"author":1,"featured_media":0,"parent":0,"menu_order":0,"comment_status":"closed","ping_status":"closed","template":"","meta":{"_themeisle_gutenberg_block_has_review":false,"footnotes":""},"class_list":["post-219","page","type-page","status-publish","hentry"],"_links":{"self":[{"href":"https:\/\/altiora-paris.fr\/index.php\/wp-json\/wp\/v2\/pages\/219","targetHints":{"allow":["GET"]}}],"collection":[{"href":"https:\/\/altiora-paris.fr\/index.php\/wp-json\/wp\/v2\/pages"}],"about":[{"href":"https:\/\/altiora-paris.fr\/index.php\/wp-json\/wp\/v2\/types\/page"}],"author":[{"embeddable":true,"href":"https:\/\/altiora-paris.fr\/index.php\/wp-json\/wp\/v2\/users\/1"}],"replies":[{"embeddable":true,"href":"https:\/\/altiora-paris.fr\/index.php\/wp-json\/wp\/v2\/comments?post=219"}],"version-history":[{"count":11,"href":"https:\/\/altiora-paris.fr\/index.php\/wp-json\/wp\/v2\/pages\/219\/revisions"}],"predecessor-version":[{"id":685,"href":"https:\/\/altiora-paris.fr\/index.php\/wp-json\/wp\/v2\/pages\/219\/revisions\/685"}],"wp:attachment":[{"href":"https:\/\/altiora-paris.fr\/index.php\/wp-json\/wp\/v2\/media?parent=219"}],"curies":[{"name":"wp","href":"https:\/\/api.w.org\/{rel}","templated":true}]}}